{"id":87,"date":"2015-08-17T21:55:33","date_gmt":"2015-08-17T21:55:33","guid":{"rendered":"http:\/\/landnam.is\/eng\/?page_id=87"},"modified":"2026-03-02T15:33:08","modified_gmt":"2026-03-02T15:33:08","slug":"admission-and-opening-hours","status":"publish","type":"page","link":"http:\/\/www.landnam.is\/eng\/admission-and-opening-hours\/","title":{"rendered":"Admission and opening hours"},"content":{"rendered":"<div id=\"cs-content\" class=\"cs-content\"><div id=\"x-section-1\" class=\"x-section bg-image\" style=\"margin: 0px;padding: 45px 0px; background-image: url(http:\/\/www.landnam.is\/eng\/wp-content\/uploads\/2015\/11\/Landnamssetrid-s\u00e9\u00f0-yfir-a\u00f0-Hafnarfjalli.jpg); background-color: transparent;\" data-x-element=\"section\" data-x-params=\"{&quot;type&quot;:&quot;image&quot;,&quot;parallax&quot;:false}\"><div id=\"\" class=\"x-container max width\" style=\"margin: 0px auto;padding: 0px;\" ><div  class=\"x-column x-sm cs-ta-center x-1-1\" style=\"padding: 0px;\" ><hr  class=\"x-gap\" style=\"margin: 250px 0 0 0;\"><div  class=\"x-raw-content responsive-heading h1 man\" style=\"color: white;\">Admission and opening hours<\/div><hr  class=\"x-gap\" style=\"margin: 250px 0 0 0;\"><\/div><\/div><\/div><div id=\"x-section-2\" class=\"x-section x-hide-xs x-hide-sm x-hide-md social-bar-padding\" style=\"margin: 0px;padding: 0px;height: 60px; background-color: #4a4a4a;\" ><div id=\"\" class=\"x-container max width\" style=\"margin: 0px auto;padding: 0px;\" ><div  class=\"x-column x-sm x-1-2\" style=\"padding: 0px;\" ><div id=\"\" class=\"x-text cs-ta-left social_textbox_top\" style=\"font-size: 14px;\" ><p><div  class=\"x-column x-sm grai_bordinn_efst_netfang x-1-3\" style=\"\" > landnam@landnam.is<\/div> <div  class=\"x-column x-sm grai_bordinn_efst_simanumer x-1-3\" style=\"\" > TEL: +354 437 1600<\/div> <div  class=\"x-column x-sm grai_bordinn_efst_faninn x-1-3 last\" style=\"\" > <a href=\"http:\/\/landnam.is\/\" class=\"social-flag flag-link\"> Icelandic<img decoding=\"async\" src=\"\/eng\/images\/template\/icon\/flag-isl.svg\" \/> <\/a> <\/div><\/p>\n<\/div><\/div><div  class=\"x-column x-sm x-1-2\" style=\"padding: 0px;\" ><div id=\"\" class=\"x-text social_textbox_top\" style=\"color: white;\" ><div style=\"float: right; padding-top: 10px;\"><a href=\"http:\/\/www.tripadvisor.co.uk\/Attraction_Review-g608868-d1603742-Reviews-The_Settlement_Centre-Borgarnes_West_Region.html\"><img decoding=\"async\" src=\"\/images\/template\/icon\/tripadvisor-icon.svg\" alt=\"tripadvisor-icon\" style=\"\" class=\"social-top-1\" \/><\/a><a href=\"https:\/\/www.facebook.com\/settlementcenter\"><img decoding=\"async\" src=\"\/images\/template\/icon\/facebook-icon.svg\" alt=\"facebook-icon\" width=\"\" style=\"\" class=\"social-top-1\" \/><\/a><a href=\"https:\/\/www.instagram.com\/landnamssetur\/\"><img decoding=\"async\" src=\"\/images\/template\/icon\/instagram-icon.svg\" alt=\"instagram-icon\" width=\"\" style=\"\" class=\"social-top-1\" \/><\/a><a href=\"https:\/\/plus.google.com\/105810423569005113001\/about\"><img decoding=\"async\" src=\"\/images\/template\/icon\/google-icon.svg\" alt=\"google-plus-icon\" width=\"\" style=\"\" class=\"social-top-4\" \/><\/a><\/div>\n<\/div><\/div><\/div><\/div><div id=\"x-section-3\" class=\"x-section\" style=\"margin: 0px;padding: 54px 0px 30px; background-color: transparent;\" ><div id=\"\" class=\"x-container max width\" style=\"margin: 0px auto;padding: 0px;\" ><div  class=\"x-column x-sm x-1-1\" style=\"padding: 0px;\" ><div id=\"\" class=\"x-text\" style=\"\" ><h4 class=\"man red-heading\"><span>Admission and opening hours<\/span><\/h4>\n<p>The Settlement centre is open every day from 10am til 9pm<\/p>\n<p><span>Admission: Two exhibitions with audio guide available in 15 languages ISK 3900<\/span><\/p>\n<p><span>Children 6-12 years ISK 1500<\/span><\/p>\n<p><span>Senior citizens, students and families ISK 3500<\/span><\/p>\n<p><span>Family pack: 2 adults with 2-4 kids (6-12 years old) ISK 9100<\/span><\/p>\n<p><span>Groups and tour operators have special offers. For more inforation please contact us via\u00a0email:\u00a0<a href=\"mailto:landnam@landnam.is\" target=\"_blank\" rel=\"noopener noreferrer\" data-auth=\"NotApplicable\" data-linkindex=\"2\">landnam@landnam.is<\/a> or telephone +354-437 1600<\/span><\/p>\n<p><span>Groups can gain access to the center outside of normal operating hours through prior arrangement with the management. <\/span><span>To contact us outside opening hours please call +354-895-5460\u00a0 \u00a0<\/span><\/p>\n<\/div><\/div><\/div><\/div><span data-x-element-responsive-text=\"{&quot;selector&quot;:&quot;.responsive-heading&quot;,&quot;compression&quot;:&quot;1.5&quot;,&quot;minFontSize&quot;:&quot;36px&quot;,&quot;maxFontSize&quot;:&quot;78px&quot;}\" class=\"e87-e17\"><\/span><\/div>\n","protected":false},"excerpt":{"rendered":"<p>Admission and opening hours landnam@landnam.is TEL: +354 437 1600 Icelandic Admission and opening hours The Settlement centre is open every day from 10am til 9pm Admission: Two exhibitions with audio guide available in 15 languages ISK 3900 Children 6-12 years ISK 1500 Senior citizens, students and families ISK 3500 Family pack: 2 adults with 2-4 kids (6-12 years old) ISK &#8230; <\/p>\n<div><a href=\"http:\/\/www.landnam.is\/eng\/admission-and-opening-hours\/\" class=\"more-link\">Read More<\/a><\/div>\n","protected":false},"author":8,"featured_media":0,"parent":0,"menu_order":0,"comment_status":"closed","ping_status":"closed","template":"template-blank-4.php","meta":{"footnotes":""},"acf":[],"_links":{"self":[{"href":"http:\/\/www.landnam.is\/eng\/wp-json\/wp\/v2\/pages\/87"}],"collection":[{"href":"http:\/\/www.landnam.is\/eng\/wp-json\/wp\/v2\/pages"}],"about":[{"href":"http:\/\/www.landnam.is\/eng\/wp-json\/wp\/v2\/types\/page"}],"author":[{"embeddable":true,"href":"http:\/\/www.landnam.is\/eng\/wp-json\/wp\/v2\/users\/8"}],"replies":[{"embeddable":true,"href":"http:\/\/www.landnam.is\/eng\/wp-json\/wp\/v2\/comments?post=87"}],"version-history":[{"count":74,"href":"http:\/\/www.landnam.is\/eng\/wp-json\/wp\/v2\/pages\/87\/revisions"}],"predecessor-version":[{"id":1933,"href":"http:\/\/www.landnam.is\/eng\/wp-json\/wp\/v2\/pages\/87\/revisions\/1933"}],"wp:attachment":[{"href":"http:\/\/www.landnam.is\/eng\/wp-json\/wp\/v2\/media?parent=87"}],"curies":[{"name":"wp","href":"https:\/\/api.w.org\/{rel}","templated":true}]}}